{"id":19,"date":"2023-10-11T22:26:19","date_gmt":"2023-10-12T01:26:19","guid":{"rendered":"https:\/\/casaca.com.br\/sergiofrias\/?page_id=19"},"modified":"2023-10-24T21:45:59","modified_gmt":"2023-10-25T00:45:59","slug":"elementor-19","status":"publish","type":"page","link":"https:\/\/casaca.com.br\/sergiofrias\/","title":{"rendered":"Home"},"content":{"rendered":"\t\t<div data-elementor-type=\"wp-post\" data-elementor-id=\"19\" class=\"elementor elementor-19\">\n\t\t\t\t<div class=\"elementor-element elementor-element-902abea e-flex e-con-boxed e-con e-parent\" data-id=\"902abea\" data-element_type=\"container\" data-settings=\"{&quot;background_background&quot;:&quot;classic&quot;}\">\n\t\t\t\t\t<div class=\"e-con-inner\">\n\t\t<div class=\"elementor-element elementor-element-809e348 e-con-full e-flex e-con e-child\" data-id=\"809e348\" data-element_type=\"container\">\n\t\t\t\t<div class=\"elementor-element elementor-element-1b7826a elementor-widget elementor-widget-image\" data-id=\"1b7826a\" data-element_type=\"widget\" data-widget_type=\"image.default\">\n\t\t\t\t<div class=\"elementor-widget-container\">\n\t\t\t\t\t\t\t\t\t\t\t\t\t\t\t<img fetchpriority=\"high\" decoding=\"async\" width=\"372\" height=\"408\" src=\"https:\/\/casaca.com.br\/sergiofrias\/wp-content\/uploads\/2023\/10\/sergio-frias-perfil.png\" class=\"attachment-large size-large wp-image-49\" alt=\"\" srcset=\"https:\/\/casaca.com.br\/sergiofrias\/wp-content\/uploads\/2023\/10\/sergio-frias-perfil.png 372w, https:\/\/casaca.com.br\/sergiofrias\/wp-content\/uploads\/2023\/10\/sergio-frias-perfil-274x300.png 274w\" sizes=\"(max-width: 372px) 100vw, 372px\" \/>\t\t\t\t\t\t\t\t\t\t\t\t\t\t\t<\/div>\n\t\t\t\t<\/div>\n\t\t\t\t<\/div>\n\t\t<div class=\"elementor-element elementor-element-d545fd8 e-con-full e-flex e-con e-child\" data-id=\"d545fd8\" data-element_type=\"container\">\n\t\t\t\t<div class=\"elementor-element elementor-element-7a88f50 elementor-widget elementor-widget-heading\" data-id=\"7a88f50\" data-element_type=\"widget\" data-widget_type=\"heading.default\">\n\t\t\t\t<div class=\"elementor-widget-container\">\n\t\t\t\t\t<h2 class=\"elementor-heading-title elementor-size-default\">Quem \u00e9 S\u00e9rgio Frias?<\/h2>\t\t\t\t<\/div>\n\t\t\t\t<\/div>\n\t\t\t\t<div class=\"elementor-element elementor-element-7e20a75 elementor-widget elementor-widget-text-editor\" data-id=\"7e20a75\" data-element_type=\"widget\" data-widget_type=\"text-editor.default\">\n\t\t\t\t<div class=\"elementor-widget-container\">\n\t\t\t\t\t\t\t\t\t<p>S\u00e9rgio Frias, 53 anos, filho do saudoso Grande Benem\u00e9rito do Club de Regatas Vasco da Gama, Raymundo Frias, \u00e9 casado, tem um filho, \u00e9 formado em direito e administra\u00e7\u00e3o esportiva, professor, escritor, pesquisador,&nbsp; palestrante, s\u00f3cio do Club de Regatas Vasco da Gama desde 1992, conselheiro de 2001 a 2011, posteriormente de dezembro de 2014 a 2023.&nbsp;<br><\/p>\t\t\t\t\t\t\t\t<\/div>\n\t\t\t\t<\/div>\n\t\t\t\t<\/div>\n\t\t\t\t\t<\/div>\n\t\t\t\t<\/div>\n\t\t<div class=\"elementor-element elementor-element-2ed56b9 e-flex e-con-boxed e-con e-parent\" data-id=\"2ed56b9\" data-element_type=\"container\" data-settings=\"{&quot;background_background&quot;:&quot;classic&quot;}\">\n\t\t\t\t\t<div class=\"e-con-inner\">\n\t\t<div class=\"elementor-element elementor-element-e521e06 e-con-full e-flex e-con e-child\" data-id=\"e521e06\" data-element_type=\"container\">\n\t\t\t\t<div class=\"elementor-element elementor-element-b8a78bc elementor-widget elementor-widget-text-editor\" data-id=\"b8a78bc\" data-element_type=\"widget\" data-widget_type=\"text-editor.default\">\n\t\t\t\t<div class=\"elementor-widget-container\">\n\t\t\t\t\t\t\t\t\t<p>Benem\u00e9rito do clube desde 2017, ex Vice-presidente do Conselho Deliberativo do clube no tri\u00eanio 2015\/ 2017, ex candidato \u00e0 presid\u00eancia do clube em 2020, candidato a vice-presidente do clube em 2023, membro do grupo pol\u00edtico Casaca, desde outubro de 2008, apresentador do programa Casaca! no R\u00e1dio entre 2009 e 2014, colunista, narrador, comentarista, rep\u00f3rter e editor do pr\u00f3prio site.<\/p>\t\t\t\t\t\t\t\t<\/div>\n\t\t\t\t<\/div>\n\t\t\t\t<\/div>\n\t\t<div class=\"elementor-element elementor-element-7478076 e-con-full e-flex e-con e-child\" data-id=\"7478076\" data-element_type=\"container\">\n\t\t\t\t<\/div>\n\t\t\t\t\t<\/div>\n\t\t\t\t<\/div>\n\t\t<div class=\"elementor-element elementor-element-94bd429 e-con-full e-flex e-con e-parent\" data-id=\"94bd429\" data-element_type=\"container\">\n\t\t<div class=\"elementor-element elementor-element-a48328b e-con-full e-flex e-con e-child\" data-id=\"a48328b\" data-element_type=\"container\" data-settings=\"{&quot;background_background&quot;:&quot;classic&quot;}\">\n\t\t\t\t<div class=\"elementor-element elementor-element-d4ac94e elementor-widget elementor-widget-heading\" data-id=\"d4ac94e\" data-element_type=\"widget\" data-widget_type=\"heading.default\">\n\t\t\t\t<div class=\"elementor-widget-container\">\n\t\t\t\t\t<h2 class=\"elementor-heading-title elementor-size-default\"><a href=\"https:\/\/youtu.be\/PFwOq3-mkmE?t=1250\" target=\"_blank\">\u2720<br>\nSergio Frias sobre SAF. <span style=\"font-size: 0.8em\"><br>\nEntrevista ao jornalista Ricardo Mazela em agosto de 2022<\/span><\/a><\/h2>\t\t\t\t<\/div>\n\t\t\t\t<\/div>\n\t\t\t\t<\/div>\n\t\t<a class=\"elementor-element elementor-element-f9c3279 e-con-full e-flex e-con e-child\" data-id=\"f9c3279\" data-element_type=\"container\" data-settings=\"{&quot;background_background&quot;:&quot;classic&quot;}\" href=\"https:\/\/casaca.com.br\/site\" target=\"_blank\">\n\t\t\t\t<div class=\"elementor-element elementor-element-69a1b63 elementor-widget elementor-widget-heading\" data-id=\"69a1b63\" data-element_type=\"widget\" data-widget_type=\"heading.default\">\n\t\t\t\t<div class=\"elementor-widget-container\">\n\t\t\t\t\t<h2 class=\"elementor-heading-title elementor-size-default\">\u2720<br>\nCasaca! A comunidade 101% vasca\u00edna.<\/h2>\t\t\t\t<\/div>\n\t\t\t\t<\/div>\n\t\t\t\t<\/a>\n\t\t<a class=\"elementor-element elementor-element-badf5dc e-con-full e-flex e-con e-child\" data-id=\"badf5dc\" data-element_type=\"container\" data-settings=\"{&quot;background_background&quot;:&quot;classic&quot;}\" href=\"#\">\n\t\t\t\t<div class=\"elementor-element elementor-element-7ae623e elementor-widget elementor-widget-heading\" data-id=\"7ae623e\" data-element_type=\"widget\" data-widget_type=\"heading.default\">\n\t\t\t\t<div class=\"elementor-widget-container\">\n\t\t\t\t\t<h2 class=\"elementor-heading-title elementor-size-default\">\u2720<\/h2>\t\t\t\t<\/div>\n\t\t\t\t<\/div>\n\t\t\t\t<\/a>\n\t\t\t\t<\/div>\n\t\t\t\t<\/div>\n\t\t","protected":false},"excerpt":{"rendered":"<p>Quem \u00e9 S\u00e9rgio Frias? S\u00e9rgio Frias, 53 anos, filho do saudoso Grande Benem\u00e9rito do Club de Regatas Vasco da Gama, Raymundo Frias, \u00e9 casado, tem um filho, \u00e9 formado em direito e administra\u00e7\u00e3o esportiva, professor, escritor, pesquisador,&nbsp; palestrante, s\u00f3cio do Club de Regatas Vasco da Gama desde 1992, conselheiro de 2001 a 2011, posteriormente de [&hellip;]<\/p>\n","protected":false},"author":1,"featured_media":0,"parent":0,"menu_order":0,"comment_status":"closed","ping_status":"closed","template":"elementor_header_footer","meta":{"footnotes":""},"class_list":["post-19","page","type-page","status-publish","hentry"],"_links":{"self":[{"href":"https:\/\/casaca.com.br\/sergiofrias\/wp-json\/wp\/v2\/pages\/19","targetHints":{"allow":["GET"]}}],"collection":[{"href":"https:\/\/casaca.com.br\/sergiofrias\/wp-json\/wp\/v2\/pages"}],"about":[{"href":"https:\/\/casaca.com.br\/sergiofrias\/wp-json\/wp\/v2\/types\/page"}],"author":[{"embeddable":true,"href":"https:\/\/casaca.com.br\/sergiofrias\/wp-json\/wp\/v2\/users\/1"}],"replies":[{"embeddable":true,"href":"https:\/\/casaca.com.br\/sergiofrias\/wp-json\/wp\/v2\/comments?post=19"}],"version-history":[{"count":50,"href":"https:\/\/casaca.com.br\/sergiofrias\/wp-json\/wp\/v2\/pages\/19\/revisions"}],"predecessor-version":[{"id":104,"href":"https:\/\/casaca.com.br\/sergiofrias\/wp-json\/wp\/v2\/pages\/19\/revisions\/104"}],"wp:attachment":[{"href":"https:\/\/casaca.com.br\/sergiofrias\/wp-json\/wp\/v2\/media?parent=19"}],"curies":[{"name":"wp","href":"https:\/\/api.w.org\/{rel}","templated":true}]}}